{"id":9062,"date":"2021-11-17T19:13:54","date_gmt":"2021-11-17T19:13:54","guid":{"rendered":"http:\/\/bigassfans.wpengine.com\/?page_id=9062"},"modified":"2021-11-17T19:13:54","modified_gmt":"2021-11-17T19:13:54","slug":"sweat-bee","status":"publish","type":"page","link":"https:\/\/bigassfans.com\/ca\/support\/sweat-bee\/","title":{"rendered":"Sweat Bee Support"},"content":{"rendered":"<p>[et_pb_section fb_built=&#8221;1&#8243; fullwidth=&#8221;on&#8221; _builder_version=&#8221;4.13.0&#8243; _module_preset=&#8221;default&#8221; custom_margin=&#8221;||||false|false&#8221; custom_padding=&#8221;||||false|false&#8221; global_colors_info=&#8221;{}&#8221;][et_pb_fullwidth_header title=&#8221;Sweat Bee Support&#8221; text_orientation=&#8221;center&#8221; _builder_version=&#8221;4.13.1&#8243; _module_preset=&#8221;default&#8221; background_enable_color=&#8221;off&#8221; use_background_color_gradient=&#8221;on&#8221; background_color_gradient_start=&#8221;rgba(47,68,78,0.5)&#8221; background_color_gradient_end=&#8221;rgba(36,36,36,0.5)&#8221; background_color_gradient_overlays_image=&#8221;on&#8221; background_image=&#8221;https:\/\/ba-web.s3-us-east-2.amazonaws.com\/global\/images\/headers\/sweat-bee-header.jpg&#8221; background_enable_video_mp4=&#8221;off&#8221; allow_player_pause=&#8221;on&#8221; button_one_text_size=&#8221;18px&#8221; button_one_text_color=&#8221;#242424&#8243; button_one_bg_color=&#8221;#ffc425&#8243; button_one_border_width=&#8221;1px&#8221; button_one_border_color=&#8221;#242424&#8243; button_one_letter_spacing=&#8221;1px&#8221; button_one_font=&#8221;Teko|700||on|||||&#8221; button_one_use_icon=&#8221;off&#8221; vertical_offset_tablet=&#8221;0&#8243; horizontal_offset_tablet=&#8221;0&#8243; z_index_tablet=&#8221;0&#8243; title_text_shadow_horizontal_length_tablet=&#8221;0px&#8221; title_text_shadow_vertical_length_tablet=&#8221;0px&#8221; title_text_shadow_blur_strength_tablet=&#8221;1px&#8221; content_text_shadow_horizontal_length_tablet=&#8221;0px&#8221; content_text_shadow_vertical_length_tablet=&#8221;0px&#8221; content_text_shadow_blur_strength_tablet=&#8221;1px&#8221; subhead_text_shadow_horizontal_length_tablet=&#8221;0px&#8221; subhead_text_shadow_vertical_length_tablet=&#8221;0px&#8221; subhead_text_shadow_blur_strength_tablet=&#8221;1px&#8221; content_link_text_shadow_horizontal_length_tablet=&#8221;0px&#8221; content_link_text_shadow_vertical_length_tablet=&#8221;0px&#8221; content_link_text_shadow_blur_strength_tablet=&#8221;1px&#8221; content_ul_text_shadow_horizontal_length_tablet=&#8221;0px&#8221; content_ul_text_shadow_vertical_length_tablet=&#8221;0px&#8221; content_ul_text_shadow_blur_strength_tablet=&#8221;1px&#8221; content_ol_text_shadow_horizontal_length_tablet=&#8221;0px&#8221; content_ol_text_shadow_vertical_length_tablet=&#8221;0px&#8221; content_ol_text_shadow_blur_strength_tablet=&#8221;1px&#8221; content_quote_text_shadow_horizontal_length_tablet=&#8221;0px&#8221; content_quote_text_shadow_vertical_length_tablet=&#8221;0px&#8221; content_quote_text_shadow_blur_strength_tablet=&#8221;1px&#8221; button_one_text_shadow_horizontal_length_tablet=&#8221;0px&#8221; button_one_text_shadow_vertical_length_tablet=&#8221;0px&#8221; button_one_text_shadow_blur_strength_tablet=&#8221;1px&#8221; button_two_text_shadow_horizontal_length_tablet=&#8221;0px&#8221; button_two_text_shadow_vertical_length_tablet=&#8221;0px&#8221; button_two_text_shadow_blur_strength_tablet=&#8221;1px&#8221; box_shadow_horizontal_tablet=&#8221;0px&#8221; box_shadow_vertical_tablet=&#8221;0px&#8221; box_shadow_blur_tablet=&#8221;40px&#8221; box_shadow_spread_tablet=&#8221;0px&#8221; box_shadow_horizontal_image_tablet=&#8221;0px&#8221; box_shadow_vertical_image_tablet=&#8221;0px&#8221; box_shadow_blur_image_tablet=&#8221;40px&#8221; box_shadow_spread_image_tablet=&#8221;0px&#8221; box_shadow_horizontal_button_one_tablet=&#8221;0px&#8221; box_shadow_vertical_button_one_tablet=&#8221;0px&#8221; box_shadow_blur_button_one_tablet=&#8221;40px&#8221; box_shadow_spread_button_one_tablet=&#8221;0px&#8221; box_shadow_horizontal_button_two_tablet=&#8221;0px&#8221; box_shadow_vertical_button_two_tablet=&#8221;0px&#8221; box_shadow_blur_button_two_tablet=&#8221;40px&#8221; box_shadow_spread_button_two_tablet=&#8221;0px&#8221; text_shadow_horizontal_length_tablet=&#8221;0px&#8221; text_shadow_vertical_length_tablet=&#8221;0px&#8221; text_shadow_blur_strength_tablet=&#8221;1px&#8221; global_colors_info=&#8221;{}&#8221;][\/et_pb_fullwidth_header][\/et_pb_section][et_pb_section fb_built=&#8221;1&#8243; _builder_version=&#8221;4.12.1&#8243; _module_preset=&#8221;default&#8221; global_colors_info=&#8221;{}&#8221;][et_pb_row column_structure=&#8221;1_3,2_3&#8243; _builder_version=&#8221;4.12.1&#8243; _module_preset=&#8221;default&#8221; global_colors_info=&#8221;{}&#8221;][et_pb_column type=&#8221;1_3&#8243; _builder_version=&#8221;4.12.1&#8243; _module_preset=&#8221;default&#8221; global_colors_info=&#8221;{}&#8221;][et_pb_text admin_label=&#8221;Text&#8221; _builder_version=&#8221;4.13.0&#8243; _module_preset=&#8221;default&#8221; text_font=&#8221;Lato||||||||&#8221; text_line_height=&#8221;1.25em&#8221; header_font=&#8221;Teko|600||on|||||&#8221; header_font_size=&#8221;56px&#8221; header_letter_spacing=&#8221;1px&#8221; header_2_font=&#8221;Teko|600||on|||||&#8221; header_2_font_size=&#8221;40px&#8221; header_2_letter_spacing=&#8221;1px&#8221; header_3_font=&#8221;Teko|600|||||||&#8221; header_3_font_size=&#8221;24px&#8221; header_3_letter_spacing=&#8221;1px&#8221; header_4_font=&#8221;Teko|500|||||||&#8221; header_4_font_size=&#8221;20px&#8221; header_4_letter_spacing=&#8221;1px&#8221; header_5_font=&#8221;Teko|500|||||||&#8221; header_5_letter_spacing=&#8221;1px&#8221; header_6_font=&#8221;Teko||||||||&#8221; header_6_font_size=&#8221;12px&#8221; header_6_letter_spacing=&#8221;1px&#8221; global_colors_info=&#8221;{}&#8221;]<\/p>\n<h2 class=\"gray-text left\">Documents<\/h2>\n<p>[\/et_pb_text][et_pb_toggle title=&#8221;Tech Specs&#8221; open=&#8221;on&#8221; _builder_version=&#8221;4.13.1&#8243; _module_preset=&#8221;default&#8221; body_link_font=&#8221;||||on|||#ca9c39|&#8221; border_width_all=&#8221;0px&#8221; global_colors_info=&#8221;{}&#8221;]<\/p>\n<p><a href=\"https:\/\/www.bigassfans.com\/docs\/sweatbee\/cutsheet-sweatbee.pdf\" target=\"_blank\" rel=\"noopener\"><span>English<\/span> <\/a><br \/><a href=\"https:\/\/www.bigassfans.com\/docs\/sweatbee\/cutsheet-sweatbee-fr.pdf\" target=\"_blank\" rel=\"noopener\"><span>Fran\u00e7ais<\/span> <\/a><br \/><a href=\"https:\/\/www.bigassfans.com\/docs\/sweatbee\/cutsheet-sweatbee-es.pdf\" target=\"_blank\" rel=\"noopener\"><span>Espa\u00f1ol<\/span> <\/a><\/p>\n<p>[\/et_pb_toggle][et_pb_toggle title=&#8221;Warranties&#8221; _builder_version=&#8221;4.13.1&#8243; _module_preset=&#8221;default&#8221; body_link_font=&#8221;||||on|||#ca9c39|&#8221; global_colors_info=&#8221;{}&#8221;]<\/p>\n<p><a href=\"https:\/\/www.bigassfans.com\/docs\/warranty\/warranty-baf-directional.pdf\" target=\"_blank\" rel=\"noopener\"><span>Directional Fans Warranty<\/span> <\/a><br \/><a href=\"https:\/\/www.bigassfans.com\/docs\/warranty\/warranty-baf-directional-export.pdf\" target=\"_blank\" rel=\"noopener\"><span>Directional Fans Export Warranty<\/span> <\/a><br \/><a href=\"https:\/\/www.bigassfans.com\/docs\/warranty\/warranty-baf-industrial.pdf\" target=\"_blank\" rel=\"noopener\"><span>Industrial Warranty (before 2019)<\/span> <\/a><\/p>\n<p>[\/et_pb_toggle][et_pb_toggle title=&#8221;Installation&#8221; _builder_version=&#8221;4.13.1&#8243; _module_preset=&#8221;default&#8221; body_link_font=&#8221;||||on|||#ca9c39|&#8221; global_colors_info=&#8221;{}&#8221;]<\/p>\n<p><a href=\"https:\/\/www.bigassfans.com\/docs\/sweatbee\/sweat-bee-install-guide-en.pdf\" target=\"_blank\" rel=\"noopener\"><span>Fan<\/span> <\/a><br \/><a href=\"https:\/\/www.bigassfans.com\/docs\/sweatbee\/sweat-bee-install-guide-es.pdf\" target=\"_blank\" rel=\"noopener\"><span>Fan (Espa\u00f1ol)<\/span> <\/a><br \/><a href=\"https:\/\/www.bigassfans.com\/docs\/sweatbee\/sweat-bee-safety-cable-en.pdf\" target=\"_blank\" rel=\"noopener\"><span>Safety Cable<\/span> <\/a><\/p>\n<p>[\/et_pb_toggle][et_pb_toggle title=&#8221;Kits &amp; Accessories&#8221; _builder_version=&#8221;4.13.1&#8243; _module_preset=&#8221;default&#8221; body_link_font=&#8221;||||on|||#ca9c39|&#8221; global_colors_info=&#8221;{}&#8221;]<\/p>\n<p><a href=\"https:\/\/www.bigassfans.com\/docs\/sweatbee\/sweat-bee-swivel-mount-en.pdf\" target=\"_blank\" rel=\"noopener\"><span>Swivel Mount<\/span> <\/a><br \/><a href=\"https:\/\/www.bigassfans.com\/docs\/sweatbee\/sweat-bee-yoke-mount-en.pdf\" target=\"_blank\" rel=\"noopener\"><span>Yoke Mount<\/span> <\/a><br \/><a href=\"https:\/\/www.bigassfans.com\/docs\/mounting\/baf-guy-wire-install.pdf\" target=\"_blank\" rel=\"noopener\"><span>Guy Wires<\/span> <\/a><br \/><a href=\"https:\/\/www.bigassfans.com\/docs\/mounting\/baf-guy-wire-install-z-purlins.pdf\" target=\"_blank\" rel=\"noopener\"><span>Guy Wires for Z-Purlins<\/span> <\/a><\/p>\n<p>[\/et_pb_toggle][\/et_pb_column][et_pb_column type=&#8221;2_3&#8243; _builder_version=&#8221;4.12.1&#8243; _module_preset=&#8221;default&#8221; global_colors_info=&#8221;{}&#8221;][et_pb_text admin_label=&#8221;Text&#8221; _builder_version=&#8221;4.13.0&#8243; _module_preset=&#8221;default&#8221; text_font=&#8221;Lato||||||||&#8221; text_line_height=&#8221;1.25em&#8221; header_font=&#8221;Teko|600|||||||&#8221; header_font_size=&#8221;56px&#8221; header_letter_spacing=&#8221;1px&#8221; header_2_font=&#8221;Teko|600|||||||&#8221; header_2_font_size=&#8221;40px&#8221; header_2_letter_spacing=&#8221;1px&#8221; header_3_font=&#8221;Teko|600|||||||&#8221; header_3_font_size=&#8221;24px&#8221; header_3_letter_spacing=&#8221;1px&#8221; header_4_font=&#8221;Teko|500|||||||&#8221; header_4_font_size=&#8221;20px&#8221; header_4_letter_spacing=&#8221;1px&#8221; header_5_font=&#8221;Teko|500|||||||&#8221; header_5_letter_spacing=&#8221;1px&#8221; header_6_font=&#8221;Teko||||||||&#8221; header_6_font_size=&#8221;12px&#8221; header_6_letter_spacing=&#8221;1px&#8221; global_colors_info=&#8221;{}&#8221;]<\/p>\n<h2 class=\"gray-text left\">FAQs<\/h2>\n<p>[\/et_pb_text][et_pb_text _builder_version=&#8221;4.13.1&#8243; _module_preset=&#8221;default&#8221; custom_margin=&#8221;0px||0px||false|false&#8221; custom_padding=&#8221;0px||0px||false|false&#8221; global_colors_info=&#8221;{}&#8221;]<\/p>\n<h3>About Sweat Bee<\/h3>\n<p>[\/et_pb_text][et_pb_accordion _builder_version=&#8221;4.13.1&#8243; _module_preset=&#8221;default&#8221; toggle_font=&#8221;|||on|||||&#8221; body_link_font=&#8221;||||on|||#ca9c39|&#8221; border_width_top=&#8221;2px&#8221; border_color_top=&#8221;#ffc425&#8243; border_width_right=&#8221;0px&#8221; border_width_bottom=&#8221;2px&#8221; border_color_bottom=&#8221;#ffc425&#8243; border_width_left=&#8221;0px&#8221; global_colors_info=&#8221;{}&#8221;][et_pb_accordion_item title=&#8221;How do I install my Sweat Bee?&#8221; open=&#8221;on&#8221; _builder_version=&#8221;4.13.1&#8243; _module_preset=&#8221;default&#8221; global_colors_info=&#8221;{}&#8221;]<\/p>\n<div class=\"row\">\n<div class=\"col-lg-12 col-md-12 col-sm-12 col-xs-12\">\n<div class=\"row\">\n<div class=\"col-lg-12 col-md-12 col-sm-12 col-xs-12\">\n<p>Sweat Bee can be installed in several different ways (wall, column, ceiling, pedestal). \u00a0Check out the <a href=\"https:\/\/www.bigassfans.com\/docs\/sweatbee\/sweat-bee-install-guide-en.pdf\" target=\"_blank\" rel=\"noopener\">installation guide<\/a> to review detailed instructions on each.<\/p>\n<\/div>\n<\/div>\n<div class=\"row\" id=\"products\">\n<div class=\"col-lg-12 col-md-12 col-sm-12 col-xs-12\"><\/div>\n<\/div>\n<\/div>\n<\/div>\n<p>[\/et_pb_accordion_item][\/et_pb_accordion][\/et_pb_column][\/et_pb_row][\/et_pb_section][et_pb_section fb_built=&#8221;1&#8243; admin_label=&#8221;CTA&#8221; _builder_version=&#8221;4.13.0&#8243; _module_preset=&#8221;default&#8221; use_background_color_gradient=&#8221;on&#8221; background_color_gradient_start=&#8221;#2f444e&#8221; background_color_gradient_end=&#8221;#242424&#8243; saved_tabs=&#8221;all&#8221; collapsed=&#8221;off&#8221; global_colors_info=&#8221;{}&#8221; global_module=&#8221;9145&#8243; theme_builder_area=&#8221;post_content&#8221;][et_pb_row column_structure=&#8221;1_2,1_6,1_6,1_6&#8243; make_equal=&#8221;on&#8221; module_class=&#8221;mobile-padding&#8221; _builder_version=&#8221;4.14.2&#8243; _module_preset=&#8221;default&#8221; width=&#8221;100%&#8221; global_colors_info=&#8221;{}&#8221; theme_builder_area=&#8221;post_content&#8221;][et_pb_column type=&#8221;1_2&#8243; _builder_version=&#8221;4.12.0&#8243; _module_preset=&#8221;default&#8221; global_colors_info=&#8221;{}&#8221; theme_builder_area=&#8221;post_content&#8221;][et_pb_text _builder_version=&#8221;4.13.0&#8243; _module_preset=&#8221;default&#8221; text_font=&#8221;Lato||||||||&#8221; text_line_height=&#8221;1.25em&#8221; header_font=&#8221;Teko|600|||||||&#8221; header_font_size=&#8221;56px&#8221; header_letter_spacing=&#8221;1px&#8221; header_2_font=&#8221;Teko|600|||||||&#8221; header_2_font_size=&#8221;40px&#8221; header_2_letter_spacing=&#8221;1px&#8221; header_3_font=&#8221;Teko|600|||||||&#8221; header_3_font_size=&#8221;24px&#8221; header_3_letter_spacing=&#8221;1px&#8221; header_4_font=&#8221;Teko|500|||||||&#8221; header_4_font_size=&#8221;20px&#8221; header_4_letter_spacing=&#8221;1px&#8221; header_5_font=&#8221;Teko|500|||||||&#8221; header_5_letter_spacing=&#8221;1px&#8221; header_6_font=&#8221;Teko||||||||&#8221; header_6_font_size=&#8221;12px&#8221; header_6_letter_spacing=&#8221;1px&#8221; background_layout=&#8221;dark&#8221; global_colors_info=&#8221;{}&#8221; theme_builder_area=&#8221;post_content&#8221;]<\/p>\n<h3>Still Need Help?<\/h3>\n<p>Call our exceptional customer service team for help with all your fan-related questions.<\/p>\n<p>[\/et_pb_text][\/et_pb_column][et_pb_column type=&#8221;1_6&#8243; _builder_version=&#8221;4.14.2&#8243; _module_preset=&#8221;default&#8221; custom_css_main_element=&#8221;margin:auto;&#8221; global_colors_info=&#8221;{}&#8221; theme_builder_area=&#8221;post_content&#8221;][et_pb_image src=&#8221;https:\/\/ba-web.s3-us-east-2.amazonaws.com\/global\/images\/icons\/phone-icon.svg&#8221; align=&#8221;center&#8221; _builder_version=&#8221;4.14.5&#8243; _module_preset=&#8221;default&#8221; height=&#8221;32px&#8221; global_colors_info=&#8221;{}&#8221; theme_builder_area=&#8221;post_content&#8221;][\/et_pb_image][et_pb_text _builder_version=&#8221;4.13.1&#8243; _module_preset=&#8221;default&#8221; text_orientation=&#8221;center&#8221; global_colors_info=&#8221;{}&#8221; theme_builder_area=&#8221;post_content&#8221;]<\/p>\n<h4 class=\"center white-text\">888.555.1212<\/h4>\n<p>[\/et_pb_text][\/et_pb_column][et_pb_column type=&#8221;1_6&#8243; _builder_version=&#8221;4.14.2&#8243; _module_preset=&#8221;default&#8221; custom_css_main_element=&#8221;margin:auto;&#8221; global_colors_info=&#8221;{}&#8221; theme_builder_area=&#8221;post_content&#8221;][et_pb_image src=&#8221;https:\/\/ba-web.s3-us-east-2.amazonaws.com\/global\/images\/icons\/email-icon.svg&#8221; url=&#8221;mailto:customer.support@bigassfans.com?subject=BAF%20Support&#8221; url_new_window=&#8221;on&#8221; align=&#8221;center&#8221; _builder_version=&#8221;4.14.5&#8243; _module_preset=&#8221;default&#8221; height=&#8221;32px&#8221; global_colors_info=&#8221;{}&#8221; theme_builder_area=&#8221;post_content&#8221;][\/et_pb_image][et_pb_text _builder_version=&#8221;4.14.5&#8243; _module_preset=&#8221;default&#8221; text_orientation=&#8221;center&#8221; global_colors_info=&#8221;{}&#8221; theme_builder_area=&#8221;post_content&#8221;]<\/p>\n<h4 class=\"center white-text\"><a href=\"mailto:customer.support@bigassfans.com?subject=BAF Support\">Email<\/a><\/h4>\n<p>[\/et_pb_text][\/et_pb_column][et_pb_column type=&#8221;1_6&#8243; _builder_version=&#8221;4.14.2&#8243; _module_preset=&#8221;default&#8221; custom_css_main_element=&#8221;margin:auto;&#8221; global_colors_info=&#8221;{}&#8221; theme_builder_area=&#8221;post_content&#8221;][et_pb_image src=&#8221;https:\/\/ba-web.s3-us-east-2.amazonaws.com\/global\/images\/icons\/faq-icon.svg&#8221; url=&#8221;@ET-DC@eyJkeW5hbWljIjp0cnVlLCJjb250ZW50IjoicG9zdF9saW5rX3VybF9wYWdlIiwic2V0dGluZ3MiOnsicG9zdF9pZCI6IjEyMTMifX0=@&#8221; align=&#8221;center&#8221; _builder_version=&#8221;4.14.5&#8243; _dynamic_attributes=&#8221;url&#8221; _module_preset=&#8221;default&#8221; height=&#8221;32px&#8221; global_colors_info=&#8221;{}&#8221; theme_builder_area=&#8221;post_content&#8221;][\/et_pb_image][et_pb_text _builder_version=&#8221;4.13.1&#8243; _dynamic_attributes=&#8221;link_option_url&#8221; _module_preset=&#8221;default&#8221; text_orientation=&#8221;center&#8221; link_option_url=&#8221;@ET-DC@eyJkeW5hbWljIjp0cnVlLCJjb250ZW50IjoicG9zdF9saW5rX3VybF9wYWdlIiwic2V0dGluZ3MiOnsicG9zdF9pZCI6IjEyMTMifX0=@&#8221; global_colors_info=&#8221;{}&#8221; theme_builder_area=&#8221;post_content&#8221;]<\/p>\n<h4 class=\"center white-text\">FAQs<\/h4>\n<p>[\/et_pb_text][\/et_pb_column][\/et_pb_row][\/et_pb_section]<\/p>\n","protected":false},"excerpt":{"rendered":"<p>DocumentsEnglish Fran\u00e7ais Espa\u00f1ol Directional Fans Warranty Directional Fans Export Warranty Industrial Warranty (before 2019) Fan Fan (Espa\u00f1ol) Safety Cable Swivel Mount Yoke Mount Guy Wires Guy Wires for Z-Purlins FAQsAbout Sweat Bee Sweat Bee can be installed in several different ways (wall, column, ceiling, pedestal). \u00a0Check out the installation guide to review detailed instructions on [&hellip;]<\/p>\n","protected":false},"author":2,"featured_media":0,"parent":961,"menu_order":111,"comment_status":"closed","ping_status":"closed","template":"","meta":{"_acf_changed":false,"_et_pb_use_builder":"on","_et_pb_old_content":"","_et_gb_content_width":"","inline_featured_image":false,"footnotes":""},"class_list":["post-9062","page","type-page","status-publish","hentry"],"acf":[],"yoast_head":"<!-- This site is optimized with the Yoast SEO Premium plugin v27.1 (Yoast SEO v27.1.1) - https:\/\/yoast.com\/product\/yoast-seo-premium-wordpress\/ -->\n<title>Sweat Bee Support - Big Ass Fans\u00ae - Canada<\/title>\n<meta name=\"robots\" content=\"index, follow, max-snippet:-1, max-image-preview:large, max-video-preview:-1\" \/>\n<link rel=\"canonical\" href=\"https:\/\/bigassfans.com\/ca\/support\/sweat-bee\/\" \/>\n<meta property=\"og:locale\" content=\"en_US\" \/>\n<meta property=\"og:type\" content=\"article\" \/>\n<meta property=\"og:title\" content=\"Sweat Bee Support\" \/>\n<meta property=\"og:url\" content=\"https:\/\/bigassfans.com\/ca\/support\/sweat-bee\/\" \/>\n<meta property=\"og:site_name\" content=\"Big Ass Fans\u00ae - Canada\" \/>\n<meta name=\"twitter:card\" content=\"summary_large_image\" \/>\n<meta name=\"twitter:label1\" content=\"Est. reading time\" \/>\n\t<meta name=\"twitter:data1\" content=\"7 minutes\" \/>\n<script type=\"application\/ld+json\" class=\"yoast-schema-graph\">{\"@context\":\"https:\/\/schema.org\",\"@graph\":[{\"@type\":\"WebPage\",\"@id\":\"https:\/\/bigassfans.com\/ca\/support\/sweat-bee\/\",\"url\":\"https:\/\/bigassfans.com\/ca\/support\/sweat-bee\/\",\"name\":\"Sweat Bee Support - Big Ass Fans\u00ae - Canada\",\"isPartOf\":{\"@id\":\"https:\/\/bigassfans.com\/ca\/#website\"},\"datePublished\":\"2021-11-17T19:13:54+00:00\",\"breadcrumb\":{\"@id\":\"https:\/\/bigassfans.com\/ca\/support\/sweat-bee\/#breadcrumb\"},\"inLanguage\":\"en-CA\",\"potentialAction\":[{\"@type\":\"ReadAction\",\"target\":[\"https:\/\/bigassfans.com\/ca\/support\/sweat-bee\/\"]}]},{\"@type\":\"BreadcrumbList\",\"@id\":\"https:\/\/bigassfans.com\/ca\/support\/sweat-bee\/#breadcrumb\",\"itemListElement\":[{\"@type\":\"ListItem\",\"position\":1,\"name\":\"Home\",\"item\":\"https:\/\/bigassfans.com\/ca\/\"},{\"@type\":\"ListItem\",\"position\":2,\"name\":\"Support\",\"item\":\"https:\/\/bigassfans.com\/ca\/support\/\"},{\"@type\":\"ListItem\",\"position\":3,\"name\":\"Sweat Bee Support\"}]},{\"@type\":\"WebSite\",\"@id\":\"https:\/\/bigassfans.com\/ca\/#website\",\"url\":\"https:\/\/bigassfans.com\/ca\/\",\"name\":\"Big Ass Fans\u00ae - Canada\",\"description\":\"We Make Big Ass Fans\u00ae\",\"potentialAction\":[{\"@type\":\"SearchAction\",\"target\":{\"@type\":\"EntryPoint\",\"urlTemplate\":\"https:\/\/bigassfans.com\/ca\/?s={search_term_string}\"},\"query-input\":{\"@type\":\"PropertyValueSpecification\",\"valueRequired\":true,\"valueName\":\"search_term_string\"}}],\"inLanguage\":\"en-CA\"}]}<\/script>\n<!-- \/ Yoast SEO Premium plugin. -->","yoast_head_json":{"title":"Sweat Bee Support - Big Ass Fans\u00ae - Canada","robots":{"index":"index","follow":"follow","max-snippet":"max-snippet:-1","max-image-preview":"max-image-preview:large","max-video-preview":"max-video-preview:-1"},"canonical":"https:\/\/bigassfans.com\/ca\/support\/sweat-bee\/","og_locale":"en_US","og_type":"article","og_title":"Sweat Bee Support","og_url":"https:\/\/bigassfans.com\/ca\/support\/sweat-bee\/","og_site_name":"Big Ass Fans\u00ae - Canada","twitter_card":"summary_large_image","twitter_misc":{"Est. reading time":"7 minutes"},"schema":{"@context":"https:\/\/schema.org","@graph":[{"@type":"WebPage","@id":"https:\/\/bigassfans.com\/ca\/support\/sweat-bee\/","url":"https:\/\/bigassfans.com\/ca\/support\/sweat-bee\/","name":"Sweat Bee Support - Big Ass Fans\u00ae - Canada","isPartOf":{"@id":"https:\/\/bigassfans.com\/ca\/#website"},"datePublished":"2021-11-17T19:13:54+00:00","breadcrumb":{"@id":"https:\/\/bigassfans.com\/ca\/support\/sweat-bee\/#breadcrumb"},"inLanguage":"en-CA","potentialAction":[{"@type":"ReadAction","target":["https:\/\/bigassfans.com\/ca\/support\/sweat-bee\/"]}]},{"@type":"BreadcrumbList","@id":"https:\/\/bigassfans.com\/ca\/support\/sweat-bee\/#breadcrumb","itemListElement":[{"@type":"ListItem","position":1,"name":"Home","item":"https:\/\/bigassfans.com\/ca\/"},{"@type":"ListItem","position":2,"name":"Support","item":"https:\/\/bigassfans.com\/ca\/support\/"},{"@type":"ListItem","position":3,"name":"Sweat Bee Support"}]},{"@type":"WebSite","@id":"https:\/\/bigassfans.com\/ca\/#website","url":"https:\/\/bigassfans.com\/ca\/","name":"Big Ass Fans\u00ae - Canada","description":"We Make Big Ass Fans\u00ae","potentialAction":[{"@type":"SearchAction","target":{"@type":"EntryPoint","urlTemplate":"https:\/\/bigassfans.com\/ca\/?s={search_term_string}"},"query-input":{"@type":"PropertyValueSpecification","valueRequired":true,"valueName":"search_term_string"}}],"inLanguage":"en-CA"}]}},"_links":{"self":[{"href":"https:\/\/bigassfans.com\/ca\/wp-json\/wp\/v2\/pages\/9062","targetHints":{"allow":["GET"]}}],"collection":[{"href":"https:\/\/bigassfans.com\/ca\/wp-json\/wp\/v2\/pages"}],"about":[{"href":"https:\/\/bigassfans.com\/ca\/wp-json\/wp\/v2\/types\/page"}],"author":[{"embeddable":true,"href":"https:\/\/bigassfans.com\/ca\/wp-json\/wp\/v2\/users\/2"}],"replies":[{"embeddable":true,"href":"https:\/\/bigassfans.com\/ca\/wp-json\/wp\/v2\/comments?post=9062"}],"version-history":[{"count":0,"href":"https:\/\/bigassfans.com\/ca\/wp-json\/wp\/v2\/pages\/9062\/revisions"}],"up":[{"embeddable":true,"href":"https:\/\/bigassfans.com\/ca\/wp-json\/wp\/v2\/pages\/961"}],"wp:attachment":[{"href":"https:\/\/bigassfans.com\/ca\/wp-json\/wp\/v2\/media?parent=9062"}],"curies":[{"name":"wp","href":"https:\/\/api.w.org\/{rel}","templated":true}]}}