{"id":9457,"date":"2021-11-19T17:41:51","date_gmt":"2021-11-19T17:41:51","guid":{"rendered":"http:\/\/bigassfans.wpengine.com\/?page_id=9457"},"modified":"2021-11-19T17:41:51","modified_gmt":"2021-11-19T17:41:51","slug":"smartsense","status":"publish","type":"page","link":"https:\/\/bigassfans.com\/ca\/support\/smartsense\/","title":{"rendered":"Smartsense Support"},"content":{"rendered":"<p>[et_pb_section fb_built=&#8221;1&#8243; fullwidth=&#8221;on&#8221; _builder_version=&#8221;4.13.0&#8243; _module_preset=&#8221;default&#8221; custom_margin=&#8221;||||false|false&#8221; custom_padding=&#8221;||||false|false&#8221; global_colors_info=&#8221;{}&#8221;][et_pb_fullwidth_header title=&#8221;Smartsense Support&#8221; text_orientation=&#8221;center&#8221; _builder_version=&#8221;4.13.1&#8243; _module_preset=&#8221;default&#8221; background_enable_color=&#8221;off&#8221; use_background_color_gradient=&#8221;on&#8221; background_color_gradient_start=&#8221;rgba(47,68,78,0.5)&#8221; background_color_gradient_end=&#8221;rgba(36,36,36,0.5)&#8221; background_color_gradient_overlays_image=&#8221;on&#8221; background_image=&#8221;https:\/\/ba-web.s3-us-east-2.amazonaws.com\/global\/images\/headers\/smartsense-header.jpg&#8221; background_enable_video_mp4=&#8221;off&#8221; allow_player_pause=&#8221;on&#8221; button_one_text_size=&#8221;18px&#8221; button_one_text_color=&#8221;#242424&#8243; button_one_bg_color=&#8221;#ffc425&#8243; button_one_border_width=&#8221;1px&#8221; button_one_border_color=&#8221;#242424&#8243; button_one_letter_spacing=&#8221;1px&#8221; button_one_font=&#8221;Teko|700||on|||||&#8221; button_one_use_icon=&#8221;off&#8221; vertical_offset_tablet=&#8221;0&#8243; horizontal_offset_tablet=&#8221;0&#8243; hover_enabled=&#8221;0&#8243; z_index_tablet=&#8221;0&#8243; title_text_shadow_horizontal_length_tablet=&#8221;0px&#8221; title_text_shadow_vertical_length_tablet=&#8221;0px&#8221; title_text_shadow_blur_strength_tablet=&#8221;1px&#8221; content_text_shadow_horizontal_length_tablet=&#8221;0px&#8221; content_text_shadow_vertical_length_tablet=&#8221;0px&#8221; content_text_shadow_blur_strength_tablet=&#8221;1px&#8221; subhead_text_shadow_horizontal_length_tablet=&#8221;0px&#8221; subhead_text_shadow_vertical_length_tablet=&#8221;0px&#8221; subhead_text_shadow_blur_strength_tablet=&#8221;1px&#8221; content_link_text_shadow_horizontal_length_tablet=&#8221;0px&#8221; content_link_text_shadow_vertical_length_tablet=&#8221;0px&#8221; content_link_text_shadow_blur_strength_tablet=&#8221;1px&#8221; content_ul_text_shadow_horizontal_length_tablet=&#8221;0px&#8221; content_ul_text_shadow_vertical_length_tablet=&#8221;0px&#8221; content_ul_text_shadow_blur_strength_tablet=&#8221;1px&#8221; content_ol_text_shadow_horizontal_length_tablet=&#8221;0px&#8221; content_ol_text_shadow_vertical_length_tablet=&#8221;0px&#8221; content_ol_text_shadow_blur_strength_tablet=&#8221;1px&#8221; content_quote_text_shadow_horizontal_length_tablet=&#8221;0px&#8221; content_quote_text_shadow_vertical_length_tablet=&#8221;0px&#8221; content_quote_text_shadow_blur_strength_tablet=&#8221;1px&#8221; button_one_text_shadow_horizontal_length_tablet=&#8221;0px&#8221; button_one_text_shadow_vertical_length_tablet=&#8221;0px&#8221; button_one_text_shadow_blur_strength_tablet=&#8221;1px&#8221; button_two_text_shadow_horizontal_length_tablet=&#8221;0px&#8221; button_two_text_shadow_vertical_length_tablet=&#8221;0px&#8221; button_two_text_shadow_blur_strength_tablet=&#8221;1px&#8221; box_shadow_horizontal_tablet=&#8221;0px&#8221; box_shadow_vertical_tablet=&#8221;0px&#8221; box_shadow_blur_tablet=&#8221;40px&#8221; box_shadow_spread_tablet=&#8221;0px&#8221; box_shadow_horizontal_image_tablet=&#8221;0px&#8221; box_shadow_vertical_image_tablet=&#8221;0px&#8221; box_shadow_blur_image_tablet=&#8221;40px&#8221; box_shadow_spread_image_tablet=&#8221;0px&#8221; box_shadow_horizontal_button_one_tablet=&#8221;0px&#8221; box_shadow_vertical_button_one_tablet=&#8221;0px&#8221; box_shadow_blur_button_one_tablet=&#8221;40px&#8221; box_shadow_spread_button_one_tablet=&#8221;0px&#8221; box_shadow_horizontal_button_two_tablet=&#8221;0px&#8221; box_shadow_vertical_button_two_tablet=&#8221;0px&#8221; box_shadow_blur_button_two_tablet=&#8221;40px&#8221; box_shadow_spread_button_two_tablet=&#8221;0px&#8221; text_shadow_horizontal_length_tablet=&#8221;0px&#8221; text_shadow_vertical_length_tablet=&#8221;0px&#8221; text_shadow_blur_strength_tablet=&#8221;1px&#8221; global_colors_info=&#8221;{}&#8221; sticky_enabled=&#8221;0&#8243;][\/et_pb_fullwidth_header][\/et_pb_section][et_pb_section fb_built=&#8221;1&#8243; _builder_version=&#8221;4.12.1&#8243; _module_preset=&#8221;default&#8221; global_colors_info=&#8221;{}&#8221;][et_pb_row column_structure=&#8221;1_3,2_3&#8243; _builder_version=&#8221;4.12.1&#8243; _module_preset=&#8221;default&#8221; global_colors_info=&#8221;{}&#8221;][et_pb_column type=&#8221;1_3&#8243; _builder_version=&#8221;4.12.1&#8243; _module_preset=&#8221;default&#8221; global_colors_info=&#8221;{}&#8221;][et_pb_text admin_label=&#8221;Text&#8221; _builder_version=&#8221;4.13.0&#8243; _module_preset=&#8221;default&#8221; text_font=&#8221;Lato||||||||&#8221; text_line_height=&#8221;1.25em&#8221; header_font=&#8221;Teko|600||on|||||&#8221; header_font_size=&#8221;56px&#8221; header_letter_spacing=&#8221;1px&#8221; header_2_font=&#8221;Teko|600||on|||||&#8221; header_2_font_size=&#8221;40px&#8221; header_2_letter_spacing=&#8221;1px&#8221; header_3_font=&#8221;Teko|600|||||||&#8221; header_3_font_size=&#8221;24px&#8221; header_3_letter_spacing=&#8221;1px&#8221; header_4_font=&#8221;Teko|500|||||||&#8221; header_4_font_size=&#8221;20px&#8221; header_4_letter_spacing=&#8221;1px&#8221; header_5_font=&#8221;Teko|500|||||||&#8221; header_5_letter_spacing=&#8221;1px&#8221; header_6_font=&#8221;Teko||||||||&#8221; header_6_font_size=&#8221;12px&#8221; header_6_letter_spacing=&#8221;1px&#8221; global_colors_info=&#8221;{}&#8221;]<\/p>\n<h2 class=\"gray-text left\">Documents<\/h2>\n<p>[\/et_pb_text][et_pb_toggle title=&#8221;Tech Specs&#8221; open=&#8221;on&#8221; _builder_version=&#8221;4.13.1&#8243; _module_preset=&#8221;default&#8221; body_link_font=&#8221;||||on|||#ca9c39|&#8221; hover_enabled=&#8221;0&#8243; border_width_all=&#8221;0px&#8221; global_colors_info=&#8221;{}&#8221; sticky_enabled=&#8221;0&#8243;]<\/p>\n<p><a href=\"https:\/\/www.bigassfans.com\/docs\/smartsense\/cutsheet-smartsense.pdf\" target=\"_blank\" rel=\"noopener\"><span>English<\/span><\/a><br \/><a href=\"https:\/\/www.bigassfans.com\/docs\/smartsense\/cutsheet-smartsense-fr.pdf\" target=\"_blank\" rel=\"noopener\"><span>Fran\u00e7ais<\/span><\/a><\/p>\n<p>[\/et_pb_toggle][et_pb_toggle title=&#8221;Warranties&#8221; _builder_version=&#8221;4.13.1&#8243; _module_preset=&#8221;default&#8221; body_link_font=&#8221;||||on|||#ca9c39|&#8221; hover_enabled=&#8221;0&#8243; global_colors_info=&#8221;{}&#8221; sticky_enabled=&#8221;0&#8243;]<\/p>\n<p><a href=\"https:\/\/www.bigassfans.com\/docs\/warranty\/warranty-bas-controls.pdf\" target=\"_blank\" rel=\"noopener\"><span>Control Systems Warranty<\/span><\/a><\/p>\n<p>[\/et_pb_toggle][et_pb_toggle title=&#8221;Installation&#8221; _builder_version=&#8221;4.13.1&#8243; _module_preset=&#8221;default&#8221; body_link_font=&#8221;||||on|||#ca9c39|&#8221; hover_enabled=&#8221;0&#8243; global_colors_info=&#8221;{}&#8221; sticky_enabled=&#8221;0&#8243;]<\/p>\n<p><a href=\"https:\/\/www.bigassfans.com\/docs\/smartsense\/smartsense-install-guide-en-fr-es-de-it.pdf\" target=\"_blank\" rel=\"noopener\"><span>SmartSense (English, Fran\u00e7ais, Espa\u00f1ol)<\/span><\/a><\/p>\n<p>[\/et_pb_toggle][\/et_pb_column][et_pb_column type=&#8221;2_3&#8243; _builder_version=&#8221;4.12.1&#8243; _module_preset=&#8221;default&#8221; global_colors_info=&#8221;{}&#8221;][et_pb_text admin_label=&#8221;Text&#8221; _builder_version=&#8221;4.13.0&#8243; _module_preset=&#8221;default&#8221; text_font=&#8221;Lato||||||||&#8221; text_line_height=&#8221;1.25em&#8221; header_font=&#8221;Teko|600|||||||&#8221; header_font_size=&#8221;56px&#8221; header_letter_spacing=&#8221;1px&#8221; header_2_font=&#8221;Teko|600|||||||&#8221; header_2_font_size=&#8221;40px&#8221; header_2_letter_spacing=&#8221;1px&#8221; header_3_font=&#8221;Teko|600|||||||&#8221; header_3_font_size=&#8221;24px&#8221; header_3_letter_spacing=&#8221;1px&#8221; header_4_font=&#8221;Teko|500|||||||&#8221; header_4_font_size=&#8221;20px&#8221; header_4_letter_spacing=&#8221;1px&#8221; header_5_font=&#8221;Teko|500|||||||&#8221; header_5_letter_spacing=&#8221;1px&#8221; header_6_font=&#8221;Teko||||||||&#8221; header_6_font_size=&#8221;12px&#8221; header_6_letter_spacing=&#8221;1px&#8221; global_colors_info=&#8221;{}&#8221;]<\/p>\n<h2 class=\"gray-text left\">FAQs<\/h2>\n<p>[\/et_pb_text][et_pb_text _builder_version=&#8221;4.13.1&#8243; _module_preset=&#8221;default&#8221; custom_margin=&#8221;0px||0px||false|false&#8221; custom_padding=&#8221;0px||0px||false|false&#8221; hover_enabled=&#8221;0&#8243; global_colors_info=&#8221;{}&#8221; sticky_enabled=&#8221;0&#8243;]<\/p>\n<h3>About Smartsense<\/h3>\n<p>[\/et_pb_text][et_pb_accordion _builder_version=&#8221;4.13.1&#8243; _module_preset=&#8221;default&#8221; toggle_font=&#8221;|||on|||||&#8221; body_link_font=&#8221;||||on|||#ca9c39|&#8221; hover_enabled=&#8221;0&#8243; border_width_top=&#8221;2px&#8221; border_color_top=&#8221;#ffc425&#8243; border_width_right=&#8221;0px&#8221; border_width_bottom=&#8221;2px&#8221; border_color_bottom=&#8221;#ffc425&#8243; border_width_left=&#8221;0px&#8221; global_colors_info=&#8221;{}&#8221; sticky_enabled=&#8221;0&#8243;][et_pb_accordion_item title=&#8221;How many Big Ass Fans can one SmartSense control system control?&#8221; open=&#8221;on&#8221; _builder_version=&#8221;4.13.1&#8243; _module_preset=&#8221;default&#8221; hover_enabled=&#8221;0&#8243; global_colors_info=&#8221;{}&#8221; sticky_enabled=&#8221;0&#8243;]<\/p>\n<p><span>One Smart Sense can control up to 4 fans, as long as the fans are within the same zone. \u00a0For specific details on wiring multiple fans to one Smart Sense, see the\u00a0<\/span><a href=\"https:\/\/www.bigassfans.com\/docs\/smartsense\/smartsense-install-guide-en-fr-es-de-it.pdf\" target=\"_blank\" rel=\"noopener\">SmartSense installation guide<\/a><span>.<\/span><\/p>\n<p>[\/et_pb_accordion_item][\/et_pb_accordion][et_pb_text _builder_version=&#8221;4.13.1&#8243; _module_preset=&#8221;default&#8221; custom_margin=&#8221;0px||0px||false|false&#8221; custom_padding=&#8221;0px||0px||false|false&#8221; hover_enabled=&#8221;0&#8243; global_colors_info=&#8221;{}&#8221; sticky_enabled=&#8221;0&#8243;]<\/p>\n<h3>Controlling Smartsense<\/h3>\n<p>[\/et_pb_text][et_pb_accordion _builder_version=&#8221;4.13.1&#8243; _module_preset=&#8221;default&#8221; toggle_font=&#8221;|||on|||||&#8221; hover_enabled=&#8221;0&#8243; border_width_top=&#8221;2px&#8221; border_color_top=&#8221;#ffc425&#8243; border_width_right=&#8221;0px&#8221; border_width_bottom=&#8221;2px&#8221; border_color_bottom=&#8221;#ffc425&#8243; border_width_left=&#8221;0px&#8221; global_colors_info=&#8221;{}&#8221; sticky_enabled=&#8221;0&#8243;][et_pb_accordion_item title=&#8221;How do I program fan speed settings on my SmartSense control system?&#8221; open=&#8221;on&#8221; _builder_version=&#8221;4.13.1&#8243; _module_preset=&#8221;default&#8221; body_link_font=&#8221;||||on|||#ca9c39|&#8221; hover_enabled=&#8221;0&#8243; global_colors_info=&#8221;{}&#8221; sticky_enabled=&#8221;0&#8243;]<\/p>\n<div class=\"row\">\n<div class=\"col-lg-12 col-md-12 col-sm-12 col-xs-12\">\n<p>For easy step by step instructions on how to program fan speed settings, see page<span>\u00a0<\/span><b>25<\/b><span>\u00a0<\/span>of the<span>\u00a0<\/span><a href=\"https:\/\/www.bigassfans.com\/docs\/smartsense\/smartsense-install-guide-en-fr-es-de-it.pdf#page=29\" target=\"_blank\" rel=\"noopener\">SmartSense installation guide<\/a>.<\/p>\n<p><strong>Video:<\/strong><span>\u00a0<\/span><span class=\"wistia_embed wistia_async_btttlzzxji popover=true popoverContent=link wistia_embed_initialized\" id=\"wistia-btttlzzxji-1\"><\/span><\/p>\n<div id=\"wistia_41.thumb_container\" class=\"wistia_click_to_play\"><a href=\"https:\/\/www.bigassfans.com\/support\/faq\/how-do-i-program-fan-speed-settings-on-my-smart-sense-control-system\/#\">Programming SmartSense<\/a><\/div>\n<\/div>\n<\/div>\n<p>[\/et_pb_accordion_item][et_pb_accordion_item title=&#8221;How do I switch from Summer Mode to Winter Mode?&#8221; open=&#8221;on&#8221; _builder_version=&#8221;4.13.1&#8243; _module_preset=&#8221;default&#8221; body_link_font=&#8221;||||on|||#ca9c39|&#8221; hover_enabled=&#8221;0&#8243; global_colors_info=&#8221;{}&#8221; sticky_enabled=&#8221;0&#8243;]<\/p>\n<div class=\"row\">\n<div class=\"col-lg-12 col-md-12 col-sm-12 col-xs-12\">\n<p>Push the \u201cMODE\u201d button on the SmartSense control system to toggle between Summer Mode, Winter Mode and Manual. \u00a0For details on each mode and how they operate, visit Big Ass Fans<span>\u00a0<\/span><a href=\"https:\/\/www.bigassfans.com\/fans\/smartsense\/\">here,<\/a>\u00a0or watch the Understanding Smart Sense video below.<\/p>\n<p><strong>Video:<span>\u00a0<\/span><\/strong><span class=\"wistia_embed wistia_async_fo5v03ykc8 popover=true popoverContent=link wistia_embed_initialized\" id=\"wistia-fo5v03ykc8-1\"><\/span><\/p>\n<div id=\"wistia_41.thumb_container\" class=\"wistia_click_to_play\"><a href=\"https:\/\/www.bigassfans.com\/support\/faq\/how-do-i-switch-from-summer-mode-to-winter-mode\/#\">Understanding SmartSense<\/a><\/div>\n<\/div>\n<\/div>\n<p>[\/et_pb_accordion_item][\/et_pb_accordion][\/et_pb_column][\/et_pb_row][\/et_pb_section][et_pb_section fb_built=&#8221;1&#8243; admin_label=&#8221;CTA&#8221; _builder_version=&#8221;4.13.0&#8243; _module_preset=&#8221;default&#8221; use_background_color_gradient=&#8221;on&#8221; background_color_gradient_start=&#8221;#2f444e&#8221; background_color_gradient_end=&#8221;#242424&#8243; global_module=&#8221;9145&#8243; saved_tabs=&#8221;all&#8221; collapsed=&#8221;on&#8221; global_colors_info=&#8221;{}&#8221;][et_pb_row column_structure=&#8221;1_4,1_4,1_4,1_4&#8243; module_class=&#8221;mobile-padding&#8221; _builder_version=&#8221;4.12.0&#8243; _module_preset=&#8221;default&#8221; width=&#8221;100%&#8221; global_colors_info=&#8221;{}&#8221;][et_pb_column type=&#8221;1_4&#8243; _builder_version=&#8221;4.12.0&#8243; _module_preset=&#8221;default&#8221; global_colors_info=&#8221;{}&#8221;][et_pb_text _builder_version=&#8221;4.13.0&#8243; _module_preset=&#8221;default&#8221; text_font=&#8221;Lato||||||||&#8221; text_line_height=&#8221;1.25em&#8221; header_font=&#8221;Teko|600|||||||&#8221; header_font_size=&#8221;56px&#8221; header_letter_spacing=&#8221;1px&#8221; header_2_font=&#8221;Teko|600|||||||&#8221; header_2_font_size=&#8221;40px&#8221; header_2_letter_spacing=&#8221;1px&#8221; header_3_font=&#8221;Teko|600|||||||&#8221; header_3_font_size=&#8221;24px&#8221; header_3_letter_spacing=&#8221;1px&#8221; header_4_font=&#8221;Teko|500|||||||&#8221; header_4_font_size=&#8221;20px&#8221; header_4_letter_spacing=&#8221;1px&#8221; header_5_font=&#8221;Teko|500|||||||&#8221; header_5_letter_spacing=&#8221;1px&#8221; header_6_font=&#8221;Teko||||||||&#8221; header_6_font_size=&#8221;12px&#8221; header_6_letter_spacing=&#8221;1px&#8221; background_layout=&#8221;dark&#8221; global_colors_info=&#8221;{}&#8221;]<\/p>\n<h3>Still Need Help?<\/h3>\n<p>Call our exceptional customer service team for help with all your fan-related questions.<\/p>\n<p>[\/et_pb_text][\/et_pb_column][et_pb_column type=&#8221;1_4&#8243; _builder_version=&#8221;4.13.0&#8243; _module_preset=&#8221;default&#8221; global_colors_info=&#8221;{}&#8221;][et_pb_image src=&#8221;https:\/\/ba-web.s3.us-east-2.amazonaws.com\/global\/icons\/phone.png&#8221; align=&#8221;center&#8221; _builder_version=&#8221;4.13.0&#8243; _module_preset=&#8221;default&#8221; height=&#8221;32px&#8221; global_colors_info=&#8221;{}&#8221;][\/et_pb_image][et_pb_text _builder_version=&#8221;4.13.0&#8243; _module_preset=&#8221;default&#8221; text_orientation=&#8221;center&#8221; global_colors_info=&#8221;{}&#8221;]<\/p>\n<h4 class=\"center white-text\">888.749.2931<\/h4>\n<p>[\/et_pb_text][\/et_pb_column][et_pb_column type=&#8221;1_4&#8243; _builder_version=&#8221;4.13.0&#8243; _module_preset=&#8221;default&#8221; global_colors_info=&#8221;{}&#8221;][et_pb_image src=&#8221;https:\/\/ba-web.s3.us-east-2.amazonaws.com\/global\/icons\/chat.png&#8221; align=&#8221;center&#8221; _builder_version=&#8221;4.13.0&#8243; _module_preset=&#8221;default&#8221; height=&#8221;32px&#8221; global_colors_info=&#8221;{}&#8221;][\/et_pb_image][et_pb_text _builder_version=&#8221;4.13.0&#8243; _module_preset=&#8221;default&#8221; text_orientation=&#8221;center&#8221; global_colors_info=&#8221;{}&#8221;]<\/p>\n<h4 class=\"center white-text\">Chat<\/h4>\n<p>[\/et_pb_text][\/et_pb_column][et_pb_column type=&#8221;1_4&#8243; _builder_version=&#8221;4.12.0&#8243; _module_preset=&#8221;default&#8221; global_colors_info=&#8221;{}&#8221;][et_pb_image src=&#8221;https:\/\/ba-web.s3.us-east-2.amazonaws.com\/global\/icons\/help.png&#8221; url=&#8221;@ET-DC@eyJkeW5hbWljIjp0cnVlLCJjb250ZW50IjoicG9zdF9saW5rX3VybF9wYWdlIiwic2V0dGluZ3MiOnsicG9zdF9pZCI6IjEyMTMifX0=@&#8221; align=&#8221;center&#8221; _builder_version=&#8221;4.13.1&#8243; _dynamic_attributes=&#8221;url&#8221; _module_preset=&#8221;default&#8221; height=&#8221;32px&#8221; global_colors_info=&#8221;{}&#8221;][\/et_pb_image][et_pb_text _builder_version=&#8221;4.13.1&#8243; _dynamic_attributes=&#8221;link_option_url&#8221; _module_preset=&#8221;default&#8221; text_orientation=&#8221;center&#8221; link_option_url=&#8221;@ET-DC@eyJkeW5hbWljIjp0cnVlLCJjb250ZW50IjoicG9zdF9saW5rX3VybF9wYWdlIiwic2V0dGluZ3MiOnsicG9zdF9pZCI6IjEyMTMifX0=@&#8221; global_colors_info=&#8221;{}&#8221;]<\/p>\n<h4 class=\"center white-text\">FAQs<\/h4>\n<p>[\/et_pb_text][\/et_pb_column][\/et_pb_row][\/et_pb_section]<\/p>\n","protected":false},"excerpt":{"rendered":"<p>DocumentsEnglishFran\u00e7aisControl Systems WarrantySmartSense (English, Fran\u00e7ais, Espa\u00f1ol)FAQsAbout SmartsenseOne Smart Sense can control up to 4 fans, as long as the fans are within the same zone. \u00a0For specific details on wiring multiple fans to one Smart Sense, see the\u00a0SmartSense installation guide.Controlling Smartsense For easy step by step instructions on how to program fan speed settings, see [&hellip;]<\/p>\n","protected":false},"author":2,"featured_media":0,"parent":961,"menu_order":98,"comment_status":"closed","ping_status":"closed","template":"","meta":{"_acf_changed":false,"_et_pb_use_builder":"on","_et_pb_old_content":"","_et_gb_content_width":"","inline_featured_image":false,"footnotes":""},"class_list":["post-9457","page","type-page","status-publish","hentry"],"acf":[],"yoast_head":"<!-- This site is optimized with the Yoast SEO Premium plugin v27.3 (Yoast SEO v27.3) - https:\/\/yoast.com\/product\/yoast-seo-premium-wordpress\/ -->\n<title>Smartsense Support - Big Ass Fans\u00ae - Canada<\/title>\n<meta name=\"robots\" content=\"index, follow, max-snippet:-1, max-image-preview:large, max-video-preview:-1\" \/>\n<link rel=\"canonical\" href=\"https:\/\/bigassfans.com\/ca\/support\/smartsense\/\" \/>\n<meta property=\"og:locale\" content=\"en_US\" \/>\n<meta property=\"og:type\" content=\"article\" \/>\n<meta property=\"og:title\" content=\"Smartsense Support\" \/>\n<meta property=\"og:url\" content=\"https:\/\/bigassfans.com\/ca\/support\/smartsense\/\" \/>\n<meta property=\"og:site_name\" content=\"Big Ass Fans\u00ae - Canada\" \/>\n<meta name=\"twitter:card\" content=\"summary_large_image\" \/>\n<meta name=\"twitter:label1\" content=\"Est. reading time\" \/>\n\t<meta name=\"twitter:data1\" content=\"8 minutes\" \/>\n<script type=\"application\/ld+json\" class=\"yoast-schema-graph\">{\"@context\":\"https:\\\/\\\/schema.org\",\"@graph\":[{\"@type\":\"WebPage\",\"@id\":\"https:\\\/\\\/bigassfans.com\\\/ca\\\/support\\\/smartsense\\\/\",\"url\":\"https:\\\/\\\/bigassfans.com\\\/ca\\\/support\\\/smartsense\\\/\",\"name\":\"Smartsense Support - Big Ass Fans\u00ae - Canada\",\"isPartOf\":{\"@id\":\"https:\\\/\\\/bigassfans.com\\\/ca\\\/#website\"},\"datePublished\":\"2021-11-19T17:41:51+00:00\",\"breadcrumb\":{\"@id\":\"https:\\\/\\\/bigassfans.com\\\/ca\\\/support\\\/smartsense\\\/#breadcrumb\"},\"inLanguage\":\"en-CA\",\"potentialAction\":[{\"@type\":\"ReadAction\",\"target\":[\"https:\\\/\\\/bigassfans.com\\\/ca\\\/support\\\/smartsense\\\/\"]}]},{\"@type\":\"BreadcrumbList\",\"@id\":\"https:\\\/\\\/bigassfans.com\\\/ca\\\/support\\\/smartsense\\\/#breadcrumb\",\"itemListElement\":[{\"@type\":\"ListItem\",\"position\":1,\"name\":\"Home\",\"item\":\"https:\\\/\\\/bigassfans.com\\\/ca\\\/\"},{\"@type\":\"ListItem\",\"position\":2,\"name\":\"Support\",\"item\":\"https:\\\/\\\/bigassfans.com\\\/ca\\\/support\\\/\"},{\"@type\":\"ListItem\",\"position\":3,\"name\":\"Smartsense Support\"}]},{\"@type\":\"WebSite\",\"@id\":\"https:\\\/\\\/bigassfans.com\\\/ca\\\/#website\",\"url\":\"https:\\\/\\\/bigassfans.com\\\/ca\\\/\",\"name\":\"Big Ass Fans\u00ae - Canada\",\"description\":\"We Make Big Ass Fans\u00ae\",\"potentialAction\":[{\"@type\":\"SearchAction\",\"target\":{\"@type\":\"EntryPoint\",\"urlTemplate\":\"https:\\\/\\\/bigassfans.com\\\/ca\\\/?s={search_term_string}\"},\"query-input\":{\"@type\":\"PropertyValueSpecification\",\"valueRequired\":true,\"valueName\":\"search_term_string\"}}],\"inLanguage\":\"en-CA\"}]}<\/script>\n<!-- \/ Yoast SEO Premium plugin. -->","yoast_head_json":{"title":"Smartsense Support - Big Ass Fans\u00ae - Canada","robots":{"index":"index","follow":"follow","max-snippet":"max-snippet:-1","max-image-preview":"max-image-preview:large","max-video-preview":"max-video-preview:-1"},"canonical":"https:\/\/bigassfans.com\/ca\/support\/smartsense\/","og_locale":"en_US","og_type":"article","og_title":"Smartsense Support","og_url":"https:\/\/bigassfans.com\/ca\/support\/smartsense\/","og_site_name":"Big Ass Fans\u00ae - Canada","twitter_card":"summary_large_image","twitter_misc":{"Est. reading time":"8 minutes"},"schema":{"@context":"https:\/\/schema.org","@graph":[{"@type":"WebPage","@id":"https:\/\/bigassfans.com\/ca\/support\/smartsense\/","url":"https:\/\/bigassfans.com\/ca\/support\/smartsense\/","name":"Smartsense Support - Big Ass Fans\u00ae - Canada","isPartOf":{"@id":"https:\/\/bigassfans.com\/ca\/#website"},"datePublished":"2021-11-19T17:41:51+00:00","breadcrumb":{"@id":"https:\/\/bigassfans.com\/ca\/support\/smartsense\/#breadcrumb"},"inLanguage":"en-CA","potentialAction":[{"@type":"ReadAction","target":["https:\/\/bigassfans.com\/ca\/support\/smartsense\/"]}]},{"@type":"BreadcrumbList","@id":"https:\/\/bigassfans.com\/ca\/support\/smartsense\/#breadcrumb","itemListElement":[{"@type":"ListItem","position":1,"name":"Home","item":"https:\/\/bigassfans.com\/ca\/"},{"@type":"ListItem","position":2,"name":"Support","item":"https:\/\/bigassfans.com\/ca\/support\/"},{"@type":"ListItem","position":3,"name":"Smartsense Support"}]},{"@type":"WebSite","@id":"https:\/\/bigassfans.com\/ca\/#website","url":"https:\/\/bigassfans.com\/ca\/","name":"Big Ass Fans\u00ae - Canada","description":"We Make Big Ass Fans\u00ae","potentialAction":[{"@type":"SearchAction","target":{"@type":"EntryPoint","urlTemplate":"https:\/\/bigassfans.com\/ca\/?s={search_term_string}"},"query-input":{"@type":"PropertyValueSpecification","valueRequired":true,"valueName":"search_term_string"}}],"inLanguage":"en-CA"}]}},"_links":{"self":[{"href":"https:\/\/bigassfans.com\/ca\/wp-json\/wp\/v2\/pages\/9457","targetHints":{"allow":["GET"]}}],"collection":[{"href":"https:\/\/bigassfans.com\/ca\/wp-json\/wp\/v2\/pages"}],"about":[{"href":"https:\/\/bigassfans.com\/ca\/wp-json\/wp\/v2\/types\/page"}],"author":[{"embeddable":true,"href":"https:\/\/bigassfans.com\/ca\/wp-json\/wp\/v2\/users\/2"}],"replies":[{"embeddable":true,"href":"https:\/\/bigassfans.com\/ca\/wp-json\/wp\/v2\/comments?post=9457"}],"version-history":[{"count":0,"href":"https:\/\/bigassfans.com\/ca\/wp-json\/wp\/v2\/pages\/9457\/revisions"}],"up":[{"embeddable":true,"href":"https:\/\/bigassfans.com\/ca\/wp-json\/wp\/v2\/pages\/961"}],"wp:attachment":[{"href":"https:\/\/bigassfans.com\/ca\/wp-json\/wp\/v2\/media?parent=9457"}],"curies":[{"name":"wp","href":"https:\/\/api.w.org\/{rel}","templated":true}]}}